{"id":5618,"date":"2023-09-15T02:39:01","date_gmt":"2023-09-14T23:39:01","guid":{"rendered":"https:\/\/alemodijital.com\/?page_id=5618"},"modified":"2023-09-15T02:41:22","modified_gmt":"2023-09-14T23:41:22","slug":"teslimat-ve-iptal","status":"publish","type":"page","link":"https:\/\/alemodijital.com\/tr\/teslimat-ve-iptal\/","title":{"rendered":"Teslimat ve \u0130ptal"},"content":{"rendered":"\n<p><strong>Madde 1: Hizmetlerimiz<\/strong><\/p>\n\n\n\n<p>1.1. Web sitemiz, a\u015fa\u011f\u0131daki hizmetleri sunmaktad\u0131r:<\/p>\n\n\n\n<ol class=\"wp-block-list\">\n<li>Web tasar\u0131m ve yaz\u0131l\u0131m hizmetleri<\/li>\n\n\n\n<li>Makale &#8211; \u0130\u00e7erik hizmetleri<\/li>\n\n\n\n<li>Dijital \u00fcr\u00fcn ve lisans sat\u0131\u015flar\u0131<\/li>\n\n\n\n<li>Dijital hizmetler<\/li>\n\n\n\n<li>Yaz\u0131l\u0131m Tabanl\u0131 Hizmetler<\/li>\n<\/ol>\n\n\n\n<p><strong>Madde 2: Teslimat<\/strong><\/p>\n\n\n\n<p>2.1. Web sitemiz \u00fczerinden \u00fcr\u00fcn sat\u0131n almak i\u00e7in Mail, WhatsApp veya m\u00fc\u015fterilerin hesap olu\u015fturmas\u0131 gerekmektedir.<\/p>\n\n\n\n<p>2.2. \u00dcr\u00fcnlerin fiyatlar\u0131na KDV dahil de\u011fildir. Fiyatlar, sepette ve \u00f6deme sayfas\u0131nda KDV tutar\u0131 eklenerek g\u00fcncellenecektir.<\/p>\n\n\n\n<p>2.3. Bir sipari\u015f vermek i\u00e7in m\u00fc\u015fteriler, se\u00e7tikleri \u00f6deme y\u00f6ntemini ve y\u00f6nergeleri uygulayarak sat\u0131n alma i\u015flemini ger\u00e7ekle\u015ftirebilirler.<\/p>\n\n\n\n<p>2.4. M\u00fc\u015fteriler, sat\u0131n almak istedikleri \u00fcr\u00fcnleri detayl\u0131ca inceleyerek sepete ekleyebilirler. Sepete eklenen \u00fcr\u00fcnlerin detaylar\u0131n\u0131 g\u00f6rmek i\u00e7in sepet sayfas\u0131n\u0131 ziyaret ederek bilgi alabilirler.<\/p>\n\n\n\n<p>2.5. M\u00fc\u015fteriler, sahip olduklar\u0131 indirim kuponlar\u0131n\u0131 sepet sayfas\u0131nda uygulayabilirler. Kuponlar\u0131 yoksa, \u00f6deme i\u00e7in ilgili butonu kullanarak \u00f6deme sayfas\u0131na y\u00f6nlendirilebilirler.<\/p>\n\n\n\n<p>2.6. \u00d6deme sayfas\u0131nda m\u00fc\u015fterilerin fatura bilgileri ve sepet toplam\u0131, \u00f6deme y\u00f6ntemleri ve bilgilendirme metinleri bulunmaktad\u0131r. M\u00fc\u015fteriler, bu alanlar\u0131 dikkatlice okuyarak do\u011fru ve eksiksiz bilgileri doldurmal\u0131d\u0131rlar. Yanl\u0131\u015f veya eksik bilgi verilmesi durumunda \u00fcyelikleri silinebilir ve sipari\u015fleri ge\u00e7ersiz say\u0131labilir.<\/p>\n\n\n\n<p>2.7. M\u00fc\u015fteriler, fatura bilgilerini doldurduktan sonra tercih ettikleri \u00f6deme y\u00f6ntemini se\u00e7erek \u00f6deme i\u015flemlerini tamamlayabilirler.<\/p>\n\n\n\n<p>2.8. \u00d6deme i\u015flemi tamamland\u0131ktan sonra, sipari\u015fler m\u00fc\u015fteri paneline g\u00f6nderilecek ve yetkililer taraf\u0131ndan incelenecektir. Sipari\u015fte herhangi bir sorun olmad\u0131\u011f\u0131 do\u011fruland\u0131\u011f\u0131nda, sipari\u015f onaylanacakt\u0131r.<\/p>\n\n\n\n<p>2.9. Onaylanan sipari\u015fleri m\u00fc\u015fteriler, \u201c\u00dcr\u00fcnlerim\u201d veya \u201cSipari\u015flerim\u201d sayfas\u0131ndan takip edebilir ve indirebilirler.<\/p>\n\n\n\n<p>2.10. M\u00fc\u015fteriler, herhangi bir sorun ya\u015famalar\u0131 durumunda&nbsp;<a href=\"mailto:info@alemodijital.com\">info@alemodijital.com<\/a>&nbsp;mail adresi \u00fczerinden ileti\u015fime ge\u00e7ebilir, web sitemizdeki ileti\u015fim formunu doldurabilir veya destek talebi olu\u015fturabilirler.<\/p>\n\n\n\n<p><strong>Madde 3: \u0130ade ve De\u011fi\u015fim<\/strong><\/p>\n\n\n\n<p>3.1. Web sitemizden sat\u0131n al\u0131nan \u00fcr\u00fcnler ve hizmetler i\u00e7in iade ve de\u011fi\u015fim hizmeti sa\u011flanmamaktad\u0131r.<\/p>\n\n\n\n<p>3.2. M\u00fc\u015fteriler, sat\u0131n almadan \u00f6nce bu metni dikkatlice okuyarak iade ve de\u011fi\u015fim politikam\u0131z\u0131 anlamal\u0131d\u0131r.<\/p>\n\n\n\n<p>3.3. Alemo, iade ve de\u011fi\u015fim konusundaki di\u011fer haklar\u0131n\u0131 sakl\u0131 tutar.<\/p>\n\n\n\n<p><strong>Madde 4: Yerel Kanunlar<\/strong><\/p>\n\n\n\n<p>4.1. Bu s\u00f6zle\u015fme metni, T\u00fcrkiye Cumhuriyeti kanunlar\u0131na uygun olarak d\u00fczenlenmi\u015ftir. Ancak, yerel hukuk kurallar\u0131n\u0131n s\u00fcrekli de\u011fi\u015febilece\u011fi g\u00f6z \u00f6n\u00fcnde bulundurularak, m\u00fc\u015fterilerin bu s\u00f6zle\u015fmeyi bir hukuk dan\u0131\u015fman\u0131 ile g\u00f6zden ge\u00e7irmeleri \u00f6nerilir.<\/p>\n\n\n\n<p>4.2. Bu s\u00f6zle\u015fme metni, web sitemizdeki hizmetlerle ilgili genel politikalar\u0131 i\u00e7ermektedir ve zaman zaman g\u00fcncellenebilir.<\/p>\n\n\n\n<p>4.3. Web sitemizi kullanarak hizmetlerimizden yararlanan m\u00fc\u015fteriler, bu s\u00f6zle\u015fme metnini kabul etmi\u015f say\u0131l\u0131rlar.<\/p>\n\n\n\n<p>Bu metin, T\u00fcrkiye Cumhuriyeti kanunlar\u0131na uygun bir \u015fekilde d\u00fczenlenmi\u015f ve web sitemizde sunulan hizmetlere y\u00f6nelik politikalar\u0131 i\u00e7ermektedir. M\u00fc\u015fterilere sundu\u011fumuz hizmetlerle ilgili di\u011fer politika ve \u015fartlar web sitemizde ayr\u0131ca belirtilmi\u015ftir. Mutlaka okuman\u0131z\u0131 tavsiye etmekteyiz.<\/p>\n\n\n\n<p><a href=\"https:\/\/shentaweb.com\/\" rel=\"nofollow noopener\" target=\"_blank\"><\/a><\/p>\n","protected":false},"excerpt":{"rendered":"<p>Madde 1: Hizmetlerimiz 1.1. Web sitemiz, a\u015fa\u011f\u0131daki hizmetleri sunmaktad\u0131r: Madde 2: Teslimat 2.1. Web sitemiz \u00fczerinden \u00fcr\u00fcn sat\u0131n almak i\u00e7in Mail, WhatsApp veya m\u00fc\u015fterilerin hesap olu\u015fturmas\u0131 gerekmektedir. 2.2. \u00dcr\u00fcnlerin fiyatlar\u0131na KDV dahil de\u011fildir. Fiyatlar, sepette ve \u00f6deme sayfas\u0131nda KDV tutar\u0131&#8230;<\/p>\n","protected":false},"author":1,"featured_media":0,"parent":0,"menu_order":0,"comment_status":"closed","ping_status":"closed","template":"","meta":{"footnotes":""},"class_list":["post-5618","page","type-page","status-publish","hentry"],"_links":{"self":[{"href":"https:\/\/alemodijital.com\/tr\/wp-json\/wp\/v2\/pages\/5618","targetHints":{"allow":["GET"]}}],"collection":[{"href":"https:\/\/alemodijital.com\/tr\/wp-json\/wp\/v2\/pages"}],"about":[{"href":"https:\/\/alemodijital.com\/tr\/wp-json\/wp\/v2\/types\/page"}],"author":[{"embeddable":true,"href":"https:\/\/alemodijital.com\/tr\/wp-json\/wp\/v2\/users\/1"}],"replies":[{"embeddable":true,"href":"https:\/\/alemodijital.com\/tr\/wp-json\/wp\/v2\/comments?post=5618"}],"version-history":[{"count":2,"href":"https:\/\/alemodijital.com\/tr\/wp-json\/wp\/v2\/pages\/5618\/revisions"}],"predecessor-version":[{"id":5623,"href":"https:\/\/alemodijital.com\/tr\/wp-json\/wp\/v2\/pages\/5618\/revisions\/5623"}],"wp:attachment":[{"href":"https:\/\/alemodijital.com\/tr\/wp-json\/wp\/v2\/media?parent=5618"}],"curies":[{"name":"wp","href":"https:\/\/api.w.org\/{rel}","templated":true}]}}