{"id":5616,"date":"2023-09-15T02:34:56","date_gmt":"2023-09-14T23:34:56","guid":{"rendered":"https:\/\/alemodijital.com\/?page_id=5616"},"modified":"2023-09-15T02:35:03","modified_gmt":"2023-09-14T23:35:03","slug":"hizmet-ve-kullanim-sozlesmesi","status":"publish","type":"page","link":"https:\/\/alemodijital.com\/tr\/hizmet-ve-kullanim-sozlesmesi\/","title":{"rendered":"Hizmet ve Kullan\u0131m S\u00f6zle\u015fmesi"},"content":{"rendered":"\n<ol class=\"wp-block-list\">\n<li><strong>Taraflar<\/strong><\/li>\n<\/ol>\n\n\n\n<p>1.1 Bu s\u00f6zle\u015fme, Alemo Dijital O\u011fuzhan Kocatepeli (bundan sonra \u201cAlemo\u201d olarak an\u0131lacakt\u0131r) ile web sitesi \u00fczerinden belirtilen hizmetleri ve \u00fcr\u00fcnleri sat\u0131n alan ki\u015fi veya kurum (bundan sonra \u201cM\u00fc\u015fteri\u201d olarak an\u0131lacakt\u0131r) aras\u0131nda d\u00fczenlenmi\u015ftir. Alemo&#8217;nun internet sitesi olan\u00a0<a href=\"https:\/\/alemodijital.com\/\">alemodijital.com<\/a>\u00a0adresi \u00fczerinden sunulan hizmetler ve bu site \u00fczerinden yap\u0131lan hizmet sat\u0131n al\u0131mlar\u0131 a\u015fa\u011f\u0131da belirtilen ko\u015fullar \u00e7er\u00e7evesinde y\u00fcr\u00fct\u00fclecektir.<\/p>\n\n\n\n<ol class=\"wp-block-list\" start=\"2\">\n<li><strong>S\u00f6zle\u015fme Konusu<\/strong><\/li>\n<\/ol>\n\n\n\n<p>2.1 Bu s\u00f6zle\u015fme, M\u00fc\u015fteri\u2019nin Alemo web sitesi \u00fczerindeki i\u015flemleri, sipari\u015fleri, kay\u0131t i\u015flemleri ve M\u00fc\u015fteri taraf\u0131ndan sa\u011flanan bilgiler do\u011frultusunda al\u0131nacak hizmetlerin d\u00fczenlenmesini kapsamaktad\u0131r. Sipari\u015fler kar\u015f\u0131l\u0131\u011f\u0131nda M\u00fc\u015fteri, Alemo&#8217;ya belirtilen \u00fccretleri \u00f6deyecek ve ilgili hizmetleri alacakt\u0131r.<\/p>\n\n\n\n<p>2.2 Hizmetlerimiz, web tasar\u0131m ve yaz\u0131l\u0131m hizmetleri, makale hizmeti, dijital \u00fcr\u00fcn ve lisans sat\u0131\u015flar\u0131 ve dijital hizmetler olarak tan\u0131mlanmaktad\u0131r.<\/p>\n\n\n\n<ol class=\"wp-block-list\" start=\"3\">\n<li><strong>Sorumluluk ve M\u00fc\u015fteri Y\u00fck\u00fcml\u00fcl\u00fckleri<\/strong><\/li>\n<\/ol>\n\n\n\n<p>3.1 Alemo, M\u00fc\u015fteri\u2019nin talebi \u00fczerine sipari\u015f edilen hizmetleri sa\u011flayacakt\u0131r. Sipari\u015fin kabul\u00fc, Alemo taraf\u0131ndan \u00fccretin tahsil edildi\u011fini g\u00f6steren onay mesaj\u0131 ile ger\u00e7ekle\u015fir ve s\u00f6z konusu hizmet M\u00fc\u015fteri\u2019ye sa\u011flan\u0131r.<\/p>\n\n\n\n<p>3.2 \u00d6deme detaylar\u0131, KDV farklar\u0131 ve toplam miktar, sipari\u015f s\u0131ras\u0131nda belirtilerek M\u00fc\u015fteri taraf\u0131ndan \u00f6denecek \u00fccretler sistem taraf\u0131ndan M\u00fc\u015fteri\u2019ye bildirilecektir.<\/p>\n\n\n\n<p>3.3 Sipari\u015fin onaylanmas\u0131n\u0131n ard\u0131ndan M\u00fc\u015fteri, ilgili hizmeti kullanmaya ba\u015flayabilir. Ancak, hizmetin tam kullan\u0131labilir hale gelmesi yo\u011funluk durumuna ba\u011fl\u0131 olarak de\u011fi\u015febilir.<\/p>\n\n\n\n<p>3.4 M\u00fc\u015fteri, hizmetler dahilindeki yaz\u0131l\u0131m ve programlar\u0131 kullanarak eri\u015fim ve de\u011fi\u015fim izni olmayan dosyalara veya programlara eri\u015fmeyece\u011fini ve bu t\u00fcr bir davran\u0131\u015f\u0131n potansiyel sorunlara neden olabilece\u011fini kabul eder.<\/p>\n\n\n\n<p>3.5 M\u00fc\u015fteri, bar\u0131nd\u0131rd\u0131\u011f\u0131 dosya, d\u00f6k\u00fcman ve programlardan, web sitesi ve e-mail hizmetleri ile ilgili t\u00fcm i\u015flemlerden kendisinin sorumlu oldu\u011funu kabul eder ve bu t\u00fcr veri ve bilgilerin yasalara uygun oldu\u011fundan emin olur.<\/p>\n\n\n\n<p>3.6 Alemo, m\u00fc\u015fteri verilerinin hatal\u0131 kullan\u0131m\u0131ndan, veri i\u00e7eriklerinden veya e-mail ile kullan\u0131lan verilerden do\u011fabilecek maddi veya manevi zararlardan sorumlu tutulamaz. Verilerin yedekleme ve saklama sorumlulu\u011fu M\u00fc\u015fteri\u2019ye aittir.<\/p>\n\n\n\n<p>3.7 Alemo, m\u00fc\u015fterilere sa\u011flad\u0131\u011f\u0131 \u00fcr\u00fcnlerin ne ama\u00e7la kullan\u0131laca\u011f\u0131ndan ba\u011f\u0131ms\u0131z olarak yap\u0131lan t\u00fcm i\u015flemlerden sorumlu de\u011fildir. M\u00fc\u015fteri, sat\u0131n ald\u0131\u011f\u0131 \u00fcr\u00fcnleri kendi sorumlulu\u011fu alt\u0131nda kullanacakt\u0131r.<\/p>\n\n\n\n<p>3.8 Alemo&#8217;ya ait \u00fcr\u00fcnler, m\u00fc\u015fterilere sat\u0131\u015f izni verilen fiyatlar\u0131n alt\u0131nda sat\u0131lamaz. Bu durumun tespiti halinde ilgili \u00fcr\u00fcn ve sat\u0131c\u0131 i\u00e7in sat\u0131\u015f haklar\u0131 k\u0131s\u0131tlanacak ve yasal haklar kullan\u0131lacakt\u0131r.<\/p>\n\n\n\n<ol class=\"wp-block-list\" start=\"4\">\n<li><strong>S\u00fcre<\/strong><\/li>\n<\/ol>\n\n\n\n<p>4.1 S\u00f6zle\u015fme, sipari\u015f ve \u00f6deme i\u015flemlerinin Alemo&#8217;ya iletilmesiyle birlikte y\u00fcr\u00fcrl\u00fc\u011fe girer.<\/p>\n\n\n\n<p>4.2 S\u00f6zle\u015fme s\u00fcresi, M\u00fc\u015fteri taraf\u0131ndan sipari\u015f s\u0131ras\u0131nda se\u00e7ilen \u00f6deme periyodu kadar devam eder.<\/p>\n\n\n\n<p>4.3 Sipari\u015fin onaylanmas\u0131n\u0131n ard\u0131ndan M\u00fc\u015fteri, ilgili hizmeti kullanmaya ba\u015flayabilir.<\/p>\n\n\n\n<ol class=\"wp-block-list\" start=\"5\">\n<li><strong>Destek ve Talep<\/strong><\/li>\n<\/ol>\n\n\n\n<p>5.1 M\u00fc\u015fteri, Alemo&#8217;dan ald\u0131\u011f\u0131 hizmetlerle ilgili destek taleplerinde bulunabilir.<\/p>\n\n\n\n<p>5.2 Destek talepleri, Alemo destek ekibi taraf\u0131ndan incelenir ve \u00fccretli veya \u00fccretsiz destek sa\u011flanabilir.<\/p>\n\n\n\n<p>5.3 Alemo, destek hizmetlerini zorunlu k\u0131lmamaktad\u0131r. Ancak, ilgili durumlarda Alemo&#8217;nun hukuki y\u00fck\u00fcml\u00fcl\u00fckleri sakl\u0131d\u0131r.<\/p>\n\n\n\n<ol class=\"wp-block-list\" start=\"6\">\n<li><strong>\u00dccret<\/strong><\/li>\n<\/ol>\n\n\n\n<p>6.1 Belirtilen hizmetler kar\u015f\u0131l\u0131\u011f\u0131nda \u00f6denecek \u00fccretler, sipari\u015f i\u015flemi s\u0131ras\u0131nda belirtilen miktar ve KDV hari\u00e7 tutard\u0131r. KDV fiyat\u0131 ayr\u0131ca belirtilerek M\u00fc\u015fteri\u2019ye g\u00f6sterilir.<\/p>\n\n\n\n<p>6.2 \u00dcr\u00fcn ve hizmet fiyatlar\u0131, Alemo web sitesi \u00fczerinde yer alan sepet ve \u00f6deme sayfalar\u0131nda a\u00e7\u0131k\u00e7a belirtilir.<\/p>\n\n\n\n<p>6.3 Alemo taraf\u0131ndan sat\u0131lan her \u00fcr\u00fcn i\u00e7in M\u00fc\u015fteri ad\u0131na fatura kesilir.<\/p>\n\n\n\n<p>6.4 \u00d6deme i\u015flemi tamamlanana kadar Alemo, ilgili hizmeti kapatma veya a\u00e7ma hakk\u0131n\u0131 sakl\u0131 tutar.<\/p>\n\n\n\n<p>6.5 \u00d6denen \u00fccretlerin geri \u00f6demesi, iptali ve de\u011fi\u015fimi yap\u0131lmaz.<\/p>\n\n\n\n<ol class=\"wp-block-list\" start=\"7\">\n<li><strong>Ask\u0131ya Alma&nbsp;<\/strong><strong>ve \u0130ptal<\/strong><\/li>\n<\/ol>\n\n\n\n<p>7.1 \u00d6deme konusunda veya di\u011fer durumlarda ya\u015fanan problemler nedeniyle Alemo, uygun g\u00f6rd\u00fc\u011f\u00fcnde m\u00fc\u015fteriye verilen hizmetleri durdurma ve iptal etme hakk\u0131na sahiptir ve bu hakk\u0131n\u0131 sakl\u0131 tutar.<\/p>\n\n\n\n<p>7.2 Di\u011fer kullan\u0131m \u015fartlar\u0131 \u201cTeslim ve \u0130ade\u201d s\u00f6zle\u015fmesinde detayl\u0131 olarak belirtilmi\u015ftir.<\/p>\n\n\n\n<p>7.3 Alemo&#8217;nun bar\u0131nd\u0131rd\u0131\u011f\u0131 web siteleri i\u00e7in CPU ve RAM kullan\u0131m\u0131 k\u0131s\u0131tl\u0131d\u0131r. Bu k\u0131s\u0131tlamalar\u0131n a\u015f\u0131lmas\u0131 durumunda Alemo, hizmeti ask\u0131ya alma veya kapatma hakk\u0131na sahiptir. (\u201cAlemo&#8217;ya ait hosting varsa ve kullan\u0131l\u0131yorsa\u201d durumunda ge\u00e7erlidir.)<\/p>\n\n\n\n<p>7.4 Web sitesi \u00fczerindeki politikalar ve a\u00e7\u0131klanan kurallar dahilinde, Alemo, \u00fcyelerin hesaplar\u0131n\u0131 ask\u0131ya alma, engelleme ve silme hakk\u0131na sahiptir.<\/p>\n\n\n\n<ol class=\"wp-block-list\" start=\"8\">\n<li><strong>Uyu\u015fmazl\u0131klar\u0131n \u00c7\u00f6z\u00fcm\u00fc ve Kural \u0130hlali<\/strong><\/li>\n<\/ol>\n\n\n\n<p>8.1 Bu s\u00f6zle\u015fme, Alemo taraf\u0131ndan yap\u0131lacak de\u011fi\u015fikliklerin M\u00fc\u015fteri taraf\u0131ndan \u00f6nceden kabul edildi\u011fini belirten bir madde ile g\u00fcncellenebilir.<\/p>\n\n\n\n<p>8.2 Taraflar aras\u0131ndaki uyu\u015fmazl\u0131klar\u0131n \u00e7\u00f6z\u00fcm\u00fcnde \u0130stanbul Mahkemeleri ve \u0130cra Daireleri yetkilidir.<\/p>\n\n\n\n<p>8.3 Bu s\u00f6zle\u015fme, toplam 8 madde ve 28 alt ba\u015fl\u0131ktan olu\u015fmaktad\u0131r ve taraflarca tamamen okunup anla\u015f\u0131larak kabul edilmi\u015ftir.<\/p>\n\n\n\n<p><a href=\"https:\/\/shentaweb.com\/\" rel=\"nofollow noopener\" target=\"_blank\"><\/a><\/p>\n","protected":false},"excerpt":{"rendered":"<p>1.1 Bu s\u00f6zle\u015fme, Alemo Dijital O\u011fuzhan Kocatepeli (bundan sonra \u201cAlemo\u201d olarak an\u0131lacakt\u0131r) ile web sitesi \u00fczerinden belirtilen hizmetleri ve \u00fcr\u00fcnleri sat\u0131n alan ki\u015fi veya kurum (bundan sonra \u201cM\u00fc\u015fteri\u201d olarak an\u0131lacakt\u0131r) aras\u0131nda d\u00fczenlenmi\u015ftir. Alemo&#8217;nun internet sitesi olan\u00a0alemodijital.com\u00a0adresi \u00fczerinden sunulan hizmetler ve&#8230;<\/p>\n","protected":false},"author":1,"featured_media":0,"parent":0,"menu_order":0,"comment_status":"closed","ping_status":"closed","template":"","meta":{"footnotes":""},"class_list":["post-5616","page","type-page","status-publish","hentry"],"_links":{"self":[{"href":"https:\/\/alemodijital.com\/tr\/wp-json\/wp\/v2\/pages\/5616","targetHints":{"allow":["GET"]}}],"collection":[{"href":"https:\/\/alemodijital.com\/tr\/wp-json\/wp\/v2\/pages"}],"about":[{"href":"https:\/\/alemodijital.com\/tr\/wp-json\/wp\/v2\/types\/page"}],"author":[{"embeddable":true,"href":"https:\/\/alemodijital.com\/tr\/wp-json\/wp\/v2\/users\/1"}],"replies":[{"embeddable":true,"href":"https:\/\/alemodijital.com\/tr\/wp-json\/wp\/v2\/comments?post=5616"}],"version-history":[{"count":1,"href":"https:\/\/alemodijital.com\/tr\/wp-json\/wp\/v2\/pages\/5616\/revisions"}],"predecessor-version":[{"id":5617,"href":"https:\/\/alemodijital.com\/tr\/wp-json\/wp\/v2\/pages\/5616\/revisions\/5617"}],"wp:attachment":[{"href":"https:\/\/alemodijital.com\/tr\/wp-json\/wp\/v2\/media?parent=5616"}],"curies":[{"name":"wp","href":"https:\/\/api.w.org\/{rel}","templated":true}]}}