{"id":5461,"date":"2023-05-01T17:47:19","date_gmt":"2023-05-01T14:47:19","guid":{"rendered":"https:\/\/alemodijital.com\/?page_id=5461"},"modified":"2023-05-01T17:47:23","modified_gmt":"2023-05-01T14:47:23","slug":"gizlilik-bildirimi","status":"publish","type":"page","link":"https:\/\/alemodijital.com\/en\/gizlilik-bildirimi\/","title":{"rendered":"Privacy Statement"},"content":{"rendered":"<p>Alemo Digital or its affiliated companies accept, declare and undertake that they will not sell, rent or make use of your name, e-mail address, work and home address, telephone number and other personal data (hereinafter referred to as &#039;Personal Information&#039;) provided by visitors through the forms on this site, to third parties.<\/p>\n\n\n\n<p>Alemo Digital or its affiliates will use Personal Information limited to the following purposes: To send printed publications\/correspondence, to send press releases or notices by e-mail, to evaluate your applications in the recruitment processes, to deliver your purchased goods and\/or awards.<\/p>\n\n\n\n<p>Only authorized personnel of Alemo Digital or its affiliates and our third party representatives who have agreed to keep Personal Information confidential can access Personal Information. Alemo Digital or its affiliated companies will be able to use statistical data (Browser type, geographic location, age, gender, etc.) obtained from Personal Information, without disclosing Personal Information, in order to improve the Web site and to have more information about its consumers in general. All rights on such statistical data obtained belong to Alemo Digital or its affiliated companies.<\/p>\n\n\n\n<p>Alemo Digital or its affiliates do not guarantee the privacy policies of third-party websites that you will access through the links on the website, therefore, before providing any personally identifiable information, we recommend that you evaluate the privacy approaches of the websites you visit.<\/p>","protected":false},"excerpt":{"rendered":"<p>Alemo Dijital veya ba\u011fl\u0131 \u015firketleri, ziyaret\u00e7iler taraf\u0131ndan bu sitedeki formlar arac\u0131l\u0131\u011f\u0131yla sunulan isminiz, elektronik posta adresiniz, i\u015f ve ev adresiniz, telefon numaran\u0131z ve sair ki\u015fisel verilerinizi (Bundan sonra \u2018Ki\u015fisel Bilgiler\u2019 olarak an\u0131lacakt\u0131r) \u00fc\u00e7\u00fcnc\u00fc ki\u015filere satmayaca\u011f\u0131n\u0131, kiralamayaca\u011f\u0131n\u0131 veya hi\u00e7bir \u015fekilde kulland\u0131rmayaca\u011f\u0131n\u0131&#8230;<\/p>","protected":false},"author":1,"featured_media":0,"parent":0,"menu_order":0,"comment_status":"closed","ping_status":"closed","template":"","meta":{"footnotes":""},"class_list":["post-5461","page","type-page","status-publish","hentry"],"_links":{"self":[{"href":"https:\/\/alemodijital.com\/en\/wp-json\/wp\/v2\/pages\/5461","targetHints":{"allow":["GET"]}}],"collection":[{"href":"https:\/\/alemodijital.com\/en\/wp-json\/wp\/v2\/pages"}],"about":[{"href":"https:\/\/alemodijital.com\/en\/wp-json\/wp\/v2\/types\/page"}],"author":[{"embeddable":true,"href":"https:\/\/alemodijital.com\/en\/wp-json\/wp\/v2\/users\/1"}],"replies":[{"embeddable":true,"href":"https:\/\/alemodijital.com\/en\/wp-json\/wp\/v2\/comments?post=5461"}],"version-history":[{"count":1,"href":"https:\/\/alemodijital.com\/en\/wp-json\/wp\/v2\/pages\/5461\/revisions"}],"predecessor-version":[{"id":5462,"href":"https:\/\/alemodijital.com\/en\/wp-json\/wp\/v2\/pages\/5461\/revisions\/5462"}],"wp:attachment":[{"href":"https:\/\/alemodijital.com\/en\/wp-json\/wp\/v2\/media?parent=5461"}],"curies":[{"name":"wp","href":"https:\/\/api.w.org\/{rel}","templated":true}]}}