{"id":4674,"date":"2022-04-01T18:05:20","date_gmt":"2022-04-01T15:05:20","guid":{"rendered":"https:\/\/essentials.pixfort.com\/digital-agency-elementor\/?page_id=4674"},"modified":"2023-03-23T00:56:18","modified_gmt":"2023-03-22T21:56:18","slug":"404-2","status":"publish","type":"page","link":"https:\/\/alemodijital.com\/en\/404-2\/","title":{"rendered":"404"},"content":{"rendered":"<div data-elementor-type=\"wp-page\" data-elementor-id=\"4674\" class=\"elementor elementor-4674\">\n\t\t\t\t\t\t<section class=\"pix-elementor-divider elementor-section elementor-top-section elementor-element elementor-element-2265956b elementor-section-height-min-height elementor-section-content-middle elementor-section-boxed elementor-section-height-default elementor-section-items-middle\" data-id=\"2265956b\" data-element_type=\"section\" data-e-type=\"section\" data-settings=\"{&quot;pix_scale_in&quot;:&quot;none&quot;}\">\n\t\t\t\t\t\t<div class=\"elementor-container elementor-column-gap-default\">\n\t\t\t\t\t<div class=\"elementor-column elementor-col-50 elementor-top-column elementor-element elementor-element-25378003\" data-id=\"25378003\" data-element_type=\"column\" data-e-type=\"column\" data-settings=\"{&quot;pix_scale_in&quot;:&quot;none&quot;}\">\n\t\t\t<div class=\"elementor-widget-wrap elementor-element-populated\">\n\t\t\t\t\t\t<div class=\"elementor-element elementor-element-3253d2d elementor-widget elementor-widget-pix-highlighted-text\" data-id=\"3253d2d\" data-element_type=\"widget\" data-e-type=\"widget\" data-widget_type=\"pix-highlighted-text.default\">\n\t\t\t\t<div class=\"elementor-widget-container\">\n\t\t\t\t\t<div id=\"el-4674-3253d2d\" class=\"pix-highlighted-element text-left\"><div class=\"d-inline-block\" style=\"max-width:600px;\"><h2 class=\"pix-highlighted-items\" style=\"\" data-anim-type=\"\" data-anim-delay=\"\"><span id=\"el-4674-3253d2d-0\" class=\"pix-highlight-bg   elementor-repeater-item-8d4769c el-4674-3253d2d-0 animate-in\" data-anim-type=\"highlight-grow\" data-anim-delay=\"200\"><span   class=\"pix-highlighted-text pix-highlight-item font-weight-normal  font-weight-bold heading-font text-heading-default\">Sorry, 404<\/span><\/span><br \/><span id=\"el-4674-3253d2d-1\"  class=\"elementor-repeater-item-a3da52b\"><span   class=\"pix-highlighted-text  pix-highlight-item font-weight-normal  heading-font text-heading-default\">The page you are looking for has been deleted or does not exist.<\/span><\/span><\/h2><\/div><\/div>\t\t\t\t<\/div>\n\t\t\t\t<\/div>\n\t\t\t\t<div class=\"elementor-element elementor-element-d1e7410 elementor-widget elementor-widget-pix-text\" data-id=\"d1e7410\" data-element_type=\"widget\" data-e-type=\"widget\" data-widget_type=\"pix-text.default\">\n\t\t\t\t<div class=\"elementor-widget-container\">\n\t\t\t\t\t<div class=\"pix-el-text w-100 text-left\" ><p class=\"text-18 resp-option text-body-default text-left secondary-font\" >The page you are looking for has been deleted or you may be looking in the wrong place. Don&#039;t worry and wander a little more. If you&#039;re sure the page exists, please let us know.<\/p><\/div>\t\t\t\t<\/div>\n\t\t\t\t<\/div>\n\t\t\t\t<div class=\"elementor-element elementor-element-291daf14 elementor-widget elementor-widget-pix-search\" data-id=\"291daf14\" data-element_type=\"widget\" data-e-type=\"widget\" data-widget_type=\"pix-search.default\">\n\t\t\t\t<div class=\"elementor-widget-container\">\n\t\t\t\t\t<form class=\"pix-small-search pix-ajax-search-container position-relative shadow-sm rounded-lg pix-search-div w-100\"    method=\"get\" action=\"https:\/\/alemodijital.com\/en\/\" data-trp-original-action=\"https:\/\/alemodijital.com\/en\/\">\n                <div class=\"d-flex\">\n                    <input type=\"search\" class=\"form-control pix-ajax-search form-control-lg shadow-0 font-weight-bold text-body-default\" name=\"s\" autocomplete=\"off\" placeholder=\"Search for something\" aria-label=\"Search\" value=\"\" data-search-link=\"https:\/\/alemodijital.com\/wp-admin\/admin-ajax.php?action=pix_ajax_search\">\n                    <button class=\"btn btn-search btn-white m-0 text-body-default\" aria-label=\"Search\" type=\"submit\">\n<svg width=\"18px\" height=\"18px\" viewbox=\"0 0 18 18\" version=\"1.1\" xmlns=\"http:\/\/www.w3.org\/2000\/svg\" xmlns:xlink=\"http:\/\/www.w3.org\/1999\/xlink\"><g id=\"Blog\" stroke=\"none\" stroke-width=\"1\" fill=\"none\" fill-rule=\"evenodd\"><g id=\"blog-with-sidebar\" transform=\"translate(-1217.000000, -831.000000)\" fill=\"#BBBBBB\" fill-rule=\"nonzero\"><g id=\"Search\" transform=\"translate(905.000000, 765.000000)\"><g id=\"search\" transform=\"translate(312.000000, 66.000000)\"><path d=\"M17.784,16.776 L12.168,11.124 C13.104,9.972 13.68,8.46 13.68,6.84 C13.68,3.06 10.62,0 6.84,0 C3.06,0 0,3.06 0,6.84 C0,10.62 3.06,13.68 6.84,13.68 C8.46,13.68 9.972,13.104 11.124,12.168 L16.74,17.784 C16.92,17.928 17.1,18 17.28,18 C17.46,18 17.64,17.928 17.784,17.784 C18.072,17.496 18.072,17.064 17.784,16.776 Z M1.44,6.84 C1.44,3.852 3.852,1.44 6.84,1.44 C9.828,1.44 12.24,3.852 12.24,6.84 C12.24,9.828 9.828,12.24 6.84,12.24 C3.852,12.24 1.44,9.828 1.44,6.84 Z\"><\/path><\/g><\/g><\/g><\/g><\/svg><\/button><\/div>\n            <input type=\"hidden\" name=\"trp-form-language\" value=\"en\"\/><\/form>\t\t\t\t<\/div>\n\t\t\t\t<\/div>\n\t\t\t\t<div class=\"elementor-element elementor-element-13606f41 elementor-widget elementor-widget-pix-text\" data-id=\"13606f41\" data-element_type=\"widget\" data-e-type=\"widget\" data-widget_type=\"pix-text.default\">\n\t\t\t\t<div class=\"elementor-widget-container\">\n\t\t\t\t\t<div class=\"pix-el-text w-100 text-left\" ><p class=\"text-18 resp-option text-body-default text-left secondary-font\" >Or you can return to the Homepage.<\/p><\/div>\t\t\t\t<\/div>\n\t\t\t\t<\/div>\n\t\t\t\t<div class=\"elementor-element elementor-element-75e20b67 elementor-widget elementor-widget-pix-button\" data-id=\"75e20b67\" data-element_type=\"widget\" data-e-type=\"widget\" data-widget_type=\"pix-button.default\">\n\t\t\t\t<div class=\"elementor-widget-container\">\n\t\t\t\t\t<a  href=\"#\" class=\"btn m-0     shadow shadow-hover btn-primary d-inline-flex align-items-center pix-hover-item       btn-md\"     ><span class=\"font-weight-bold\" >Back to Homepage<\/span><svg class=\"pixfort-icon font-weight-bold  pix-hover-right  ml-2\" width=\"24\" height=\"24\"  data-name=\"Line\/pixfort-icon-arrow-right-2\" viewbox=\"2 2 20 20\"><polyline fill=\"none\" stroke=\"var(--pf-icon-color)\" stroke-linecap=\"round\" stroke-linejoin=\"round\" stroke-width=\"var(--pf-icon-stroke-width)\" points=\"9.5 17 14.5 12 9.5 7\"\/><\/svg><\/a>\t\t\t\t<\/div>\n\t\t\t\t<\/div>\n\t\t\t\t\t<\/div>\n\t\t<\/div>\n\t\t\t\t<div class=\"elementor-column elementor-col-50 elementor-top-column elementor-element elementor-element-3405d974\" data-id=\"3405d974\" data-element_type=\"column\" data-e-type=\"column\" data-settings=\"{&quot;pix_scale_in&quot;:&quot;none&quot;}\">\n\t\t\t<div class=\"elementor-widget-wrap elementor-element-populated\">\n\t\t\t\t\t\t<div class=\"elementor-element elementor-element-3638a9cf elementor-invisible elementor-widget elementor-widget-pix-img\" data-id=\"3638a9cf\" data-element_type=\"widget\" data-e-type=\"widget\" data-settings=\"{&quot;pix_scale_in&quot;:&quot;none&quot;}\" data-widget_type=\"pix-img.default\">\n\t\t\t\t<div class=\"elementor-widget-container\">\n\t\t\t\t\t<div id=\"el-3638a9cf\" class=\"pix-img-element d-inline-block none\" style=\"width:90%;\" ><div class=\"animate-in d-inline-block\" data-anim-type=\"pix-3d-right-in-big\" data-anim-delay=\"100\"><div class=\"pix-img-el     center d-inline-block  w-100 rounded-lg\"  ><img fetchpriority=\"high\" decoding=\"async\" width=\"720\" height=\"657\" src=\"https:\/\/alemodijital.com\/wp-content\/uploads\/2022\/02\/404-image-digital-agency.png\" class=\"pix-img-elem rounded-lg\" alt=\"404\" srcset=\"https:\/\/alemodijital.com\/wp-content\/uploads\/2022\/02\/404-image-digital-agency.png 720w, https:\/\/alemodijital.com\/wp-content\/uploads\/2022\/02\/404-image-digital-agency-300x274.png 300w\" sizes=\"(max-width: 720px) 100vw, 720px\" title=\"\"><\/div><\/div><\/div>\t\t\t\t<\/div>\n\t\t\t\t<\/div>\n\t\t\t\t\t<\/div>\n\t\t<\/div>\n\t\t\t\t\t<\/div>\n\t\t<\/section>\n\t\t<div class=\"pix-divider  position-relative pix-bottom-divider elementor-element elementor-element-2265956b\" data-style=\"style-25\" ><svg xmlns=\"http:\/\/www.w3.org\/2000\/svg\" width=\"100%\"  viewbox=\"0 0 300 121\" preserveaspectratio=\"none\"><g class=\"animate-in\" data-anim-type=\"fade-in\" data-anim-delay=\"0\"><g class=\"pix-divider-layer-3\" fill=\"url(#divider-pix-accordion-411171-bottom-overlay-layer-3)\" ><ellipse cx=\"222\" cy=\"44.9535604\" rx=\"45\" ry=\"44.9535604\"><\/ellipse><\/g><\/g><g class=\"animate-in\" data-anim-type=\"fade-in-left\" data-anim-delay=\"100\"><g class=\"pix-divider-layer-2\" fill=\"url(#divider-pix-accordion-411171-bottom-overlay-layer-2)\" ><path d=\"M39.1875,109.574303 C39.1875,87.9539798 21.6426586,70.4272446 0,70.4272446 C0,83.5386997 0,96.5877193 0,109.574303 C12.875,109.574303 25.9375,109.574303 39.1875,109.574303 Z\"><\/path><\/g><\/g><g class=\"pix-divider-layer-1\" fill=\"#FFFFFF00\" ><path d=\"M0,121 L300,121 C300,86.5356037 300,56.4416925 300,30.7182663 C256.404023,30.7182663 221.0625,66.0233167 221.0625,109.574303 C210.5625,109.574303 136.875,109.574303 0,109.574303 L0,121 Z\"><\/path><\/g><defs><lineargradient id=\"divider-pix-accordion-411171-bottom-overlay-layer-3\" x1=\"0%\" y1=\"0%\" x2=\"100%\" y2=\"0%\"><stop offset=\"0%\"   stop-color=\"#FFFFFF03\"\/><stop offset=\"100%\"   stop-color=\"#E9ECEF99\"\/><\/lineargradient><lineargradient id=\"divider-pix-accordion-411171-bottom-overlay-layer-2\" x1=\"0%\" y1=\"0%\" x2=\"100%\" y2=\"0%\"><stop offset=\"0%\"   stop-color=\"rgba(255,255,255,0.6)\"\/><stop offset=\"100%\"   stop-color=\"#E9ECEF\"\/><\/lineargradient><\/defs><\/svg><\/div>\t\t<\/div>","protected":false},"excerpt":{"rendered":"<p>\u00dczg\u00fcn\u00fcz, 404Arad\u0131\u011f\u0131n\u0131z sayfa silindi veya yok. Arad\u0131\u011f\u0131n\u0131z sayfa silinmi\u015f veya yanl\u0131\u015f yerde ar\u0131yor olabilirsiniz. Endi\u015fe etmeyin ve biraz daha gezinin. Sayfan\u0131n oldu\u011fundan eminseniz durumu l\u00fctfen bize bildirin. Shape Veya Anasayfaya geri d\u00f6nebilirsiniz. Anasayfaya D\u00f6n<\/p>","protected":false},"author":1,"featured_media":0,"parent":0,"menu_order":0,"comment_status":"closed","ping_status":"closed","template":"","meta":{"footnotes":""},"class_list":["post-4674","page","type-page","status-publish","hentry"],"_links":{"self":[{"href":"https:\/\/alemodijital.com\/en\/wp-json\/wp\/v2\/pages\/4674","targetHints":{"allow":["GET"]}}],"collection":[{"href":"https:\/\/alemodijital.com\/en\/wp-json\/wp\/v2\/pages"}],"about":[{"href":"https:\/\/alemodijital.com\/en\/wp-json\/wp\/v2\/types\/page"}],"author":[{"embeddable":true,"href":"https:\/\/alemodijital.com\/en\/wp-json\/wp\/v2\/users\/1"}],"replies":[{"embeddable":true,"href":"https:\/\/alemodijital.com\/en\/wp-json\/wp\/v2\/comments?post=4674"}],"version-history":[{"count":5,"href":"https:\/\/alemodijital.com\/en\/wp-json\/wp\/v2\/pages\/4674\/revisions"}],"predecessor-version":[{"id":5355,"href":"https:\/\/alemodijital.com\/en\/wp-json\/wp\/v2\/pages\/4674\/revisions\/5355"}],"wp:attachment":[{"href":"https:\/\/alemodijital.com\/en\/wp-json\/wp\/v2\/media?parent=4674"}],"curies":[{"name":"wp","href":"https:\/\/api.w.org\/{rel}","templated":true}]}}