{"id":5618,"date":"2023-09-15T02:39:01","date_gmt":"2023-09-14T23:39:01","guid":{"rendered":"https:\/\/alemodijital.com\/?page_id=5618"},"modified":"2023-09-15T02:41:22","modified_gmt":"2023-09-14T23:41:22","slug":"teslimat-ve-iptal","status":"publish","type":"page","link":"https:\/\/alemodijital.com\/ar\/teslimat-ve-iptal\/","title":{"rendered":"\u0627\u0644\u062a\u0633\u0644\u064a\u0645 \u0648\u0627\u0644\u0625\u0644\u063a\u0627\u0621"},"content":{"rendered":"<p><strong>\u0627\u0644\u0645\u0627\u062f\u0629 1: \u062e\u062f\u0645\u0627\u062a\u0646\u0627<\/strong><\/p>\n\n\n\n<p>1.1. \u064a\u0642\u062f\u0645 \u0645\u0648\u0642\u0639\u0646\u0627 \u0627\u0644\u062e\u062f\u0645\u0627\u062a \u0627\u0644\u062a\u0627\u0644\u064a\u0629:<\/p>\n\n\n\n<ol class=\"wp-block-list\">\n<li>\u062e\u062f\u0645\u0627\u062a \u062a\u0635\u0645\u064a\u0645 \u0627\u0644\u0645\u0648\u0627\u0642\u0639 \u0648\u0627\u0644\u0628\u0631\u0645\u062c\u064a\u0627\u062a<\/li>\n\n\n\n<li>\u0645\u0642\u0627\u0644 \u2013 \u062e\u062f\u0645\u0627\u062a \u0627\u0644\u0645\u062d\u062a\u0648\u0649<\/li>\n\n\n\n<li>\u0645\u0628\u064a\u0639\u0627\u062a \u0627\u0644\u0645\u0646\u062a\u062c\u0627\u062a \u0627\u0644\u0631\u0642\u0645\u064a\u0629 \u0648\u0627\u0644\u062a\u0631\u0627\u062e\u064a\u0635<\/li>\n\n\n\n<li>\u0627\u0644\u062e\u062f\u0645\u0627\u062a \u0627\u0644\u0631\u0642\u0645\u064a\u0629<\/li>\n\n\n\n<li>\u0627\u0644\u062e\u062f\u0645\u0627\u062a \u0627\u0644\u0642\u0627\u0626\u0645\u0629 \u0639\u0644\u0649 \u0627\u0644\u0628\u0631\u0645\u062c\u064a\u0627\u062a<\/li>\n<\/ol>\n\n\n\n<p><strong>\u0627\u0644\u0645\u0627\u062f\u0629 2: \u0627\u0644\u062a\u0633\u0644\u064a\u0645<\/strong><\/p>\n\n\n\n<p>2.1. \u0644\u0634\u0631\u0627\u0621 \u0627\u0644\u0645\u0646\u062a\u062c\u0627\u062a \u0639\u0628\u0631 \u0645\u0648\u0642\u0639\u0646\u0627\u060c \u064a\u062c\u0628 \u0639\u0644\u0649 \u0627\u0644\u0639\u0645\u0644\u0627\u0621 \u0625\u0646\u0634\u0627\u0621 \u062d\u0633\u0627\u0628 \u0639\u0628\u0631 \u0627\u0644\u0628\u0631\u064a\u062f \u0627\u0644\u0625\u0644\u0643\u062a\u0631\u0648\u0646\u064a \u0623\u0648 \u0627\u0644\u0648\u0627\u062a\u0633\u0627\u0628.<\/p>\n\n\n\n<p>2.2. \u0644\u0627 \u064a\u062a\u0645 \u062a\u0636\u0645\u064a\u0646 \u0636\u0631\u064a\u0628\u0629 \u0627\u0644\u0642\u064a\u0645\u0629 \u0627\u0644\u0645\u0636\u0627\u0641\u0629 \u0641\u064a \u0623\u0633\u0639\u0627\u0631 \u0627\u0644\u0645\u0646\u062a\u062c\u0627\u062a. \u0633\u064a\u062a\u0645 \u062a\u062d\u062f\u064a\u062b \u0627\u0644\u0623\u0633\u0639\u0627\u0631 \u0628\u0625\u0636\u0627\u0641\u0629 \u0645\u0628\u0644\u063a \u0636\u0631\u064a\u0628\u0629 \u0627\u0644\u0642\u064a\u0645\u0629 \u0627\u0644\u0645\u0636\u0627\u0641\u0629 \u0641\u064a \u0633\u0644\u0629 \u0627\u0644\u062a\u0633\u0648\u0642 \u0648\u0641\u064a \u0635\u0641\u062d\u0629 \u0627\u0644\u062f\u0641\u0639.<\/p>\n\n\n\n<p>2.3. \u0644\u062a\u0642\u062f\u064a\u0645 \u0637\u0644\u0628\u060c \u064a\u0645\u0643\u0646 \u0644\u0644\u0639\u0645\u0644\u0627\u0621 \u0625\u062c\u0631\u0627\u0621 \u0639\u0645\u0644\u064a\u0629 \u0627\u0644\u0634\u0631\u0627\u0621 \u0628\u0627\u0633\u062a\u062e\u062f\u0627\u0645 \u0637\u0631\u064a\u0642\u0629 \u0627\u0644\u062f\u0641\u0639 \u0627\u0644\u062a\u064a \u0627\u062e\u062a\u0627\u0631\u0648\u0647\u0627 \u0648\u0627\u062a\u0628\u0627\u0639 \u0627\u0644\u062a\u0639\u0644\u064a\u0645\u0627\u062a.<\/p>\n\n\n\n<p>2.4. \u064a\u0645\u0643\u0646 \u0644\u0644\u0639\u0645\u0644\u0627\u0621 \u0645\u0631\u0627\u062c\u0639\u0629 \u0627\u0644\u0645\u0646\u062a\u062c\u0627\u062a \u0627\u0644\u062a\u064a \u064a\u0631\u063a\u0628\u0648\u0646 \u0641\u064a \u0634\u0631\u0627\u0626\u0647\u0627 \u0628\u0627\u0644\u062a\u0641\u0635\u064a\u0644 \u0648\u0625\u0636\u0627\u0641\u062a\u0647\u0627 \u0625\u0644\u0649 \u0633\u0644\u0629 \u0627\u0644\u062a\u0633\u0648\u0642. \u0648\u064a\u0645\u0643\u0646\u0647\u0645 \u0627\u0644\u062d\u0635\u0648\u0644 \u0639\u0644\u0649 \u0627\u0644\u0645\u0639\u0644\u0648\u0645\u0627\u062a \u0645\u0646 \u062e\u0644\u0627\u0644 \u0632\u064a\u0627\u0631\u0629 \u0635\u0641\u062d\u0629 \u0633\u0644\u0629 \u0627\u0644\u062a\u0633\u0648\u0642 \u0644\u0644\u0627\u0637\u0644\u0627\u0639 \u0639\u0644\u0649 \u062a\u0641\u0627\u0635\u064a\u0644 \u0627\u0644\u0645\u0646\u062a\u062c\u0627\u062a \u0627\u0644\u0645\u0636\u0627\u0641\u0629 \u0625\u0644\u0649 \u0639\u0631\u0628\u0629 \u0627\u0644\u062a\u0633\u0648\u0642.<\/p>\n\n\n\n<p>2.5. \u064a\u0645\u0643\u0646 \u0644\u0644\u0639\u0645\u0644\u0627\u0621 \u062a\u0637\u0628\u064a\u0642 \u0643\u0648\u0628\u0648\u0646\u0627\u062a \u0627\u0644\u062e\u0635\u0645 \u0627\u0644\u062e\u0627\u0635\u0629 \u0628\u0647\u0645 \u0639\u0644\u0649 \u0635\u0641\u062d\u0629 \u0633\u0644\u0629 \u0627\u0644\u062a\u0633\u0648\u0642. \u0625\u0630\u0627 \u0644\u0645 \u064a\u0643\u0646 \u0644\u062f\u064a\u0647\u0645 \u0642\u0633\u064a\u0645\u0629\u060c \u0641\u064a\u0645\u0643\u0646 \u062a\u0648\u062c\u064a\u0647\u0647\u0645 \u0625\u0644\u0649 \u0635\u0641\u062d\u0629 \u0627\u0644\u062f\u0641\u0639 \u0628\u0627\u0633\u062a\u062e\u062f\u0627\u0645 \u0627\u0644\u0632\u0631 \u0627\u0644\u0645\u0646\u0627\u0633\u0628 \u0644\u0644\u062f\u0641\u0639.<\/p>\n\n\n\n<p>2.6. \u062a\u062d\u062a\u0648\u064a \u0635\u0641\u062d\u0629 \u0627\u0644\u062f\u0641\u0639 \u0639\u0644\u0649 \u0645\u0639\u0644\u0648\u0645\u0627\u062a \u0641\u0648\u0627\u062a\u064a\u0631 \u0627\u0644\u0639\u0645\u0644\u0627\u0621 \u0648\u0625\u062c\u0645\u0627\u0644\u064a \u0627\u0644\u0633\u0644\u0629 \u0648\u0637\u0631\u0642 \u0627\u0644\u062f\u0641\u0639 \u0648\u0646\u0635\u0648\u0635 \u0627\u0644\u0645\u0639\u0644\u0648\u0645\u0627\u062a. \u064a\u062c\u0628 \u0639\u0644\u0649 \u0627\u0644\u0639\u0645\u0644\u0627\u0621 \u0642\u0631\u0627\u0621\u0629 \u0647\u0630\u0647 \u0627\u0644\u062d\u0642\u0648\u0644 \u0628\u0639\u0646\u0627\u064a\u0629 \u0648\u0645\u0644\u0621 \u0627\u0644\u0645\u0639\u0644\u0648\u0645\u0627\u062a \u0627\u0644\u062f\u0642\u064a\u0642\u0629 \u0648\u0627\u0644\u0643\u0627\u0645\u0644\u0629. \u0625\u0630\u0627 \u062a\u0645 \u062a\u0642\u062f\u064a\u0645 \u0645\u0639\u0644\u0648\u0645\u0627\u062a \u063a\u064a\u0631 \u0635\u062d\u064a\u062d\u0629 \u0623\u0648 \u063a\u064a\u0631 \u0643\u0627\u0645\u0644\u0629\u060c \u0641\u0642\u062f \u064a\u062a\u0645 \u062d\u0630\u0641 \u0639\u0636\u0648\u064a\u0627\u062a\u0647\u0645 \u0648\u062a\u0639\u062a\u0628\u0631 \u0637\u0644\u0628\u0627\u062a\u0647\u0645 \u063a\u064a\u0631 \u0635\u0627\u0644\u062d\u0629.<\/p>\n\n\n\n<p>2.7. \u0628\u0639\u062f \u0645\u0644\u0621 \u0645\u0639\u0644\u0648\u0645\u0627\u062a \u0627\u0644\u0641\u0648\u0627\u062a\u064a\u0631 \u0627\u0644\u062e\u0627\u0635\u0629 \u0628\u0647\u0645\u060c \u064a\u0645\u0643\u0646 \u0644\u0644\u0639\u0645\u0644\u0627\u0621 \u0625\u0643\u0645\u0627\u0644 \u0645\u0639\u0627\u0645\u0644\u0629 \u0627\u0644\u062f\u0641\u0639 \u0627\u0644\u062e\u0627\u0635\u0629 \u0628\u0647\u0645 \u0639\u0646 \u0637\u0631\u064a\u0642 \u062a\u062d\u062f\u064a\u062f \u0637\u0631\u064a\u0642\u0629 \u0627\u0644\u062f\u0641\u0639 \u0627\u0644\u0645\u0641\u0636\u0644\u0629 \u0644\u062f\u064a\u0647\u0645.<\/p>\n\n\n\n<p>2.8. \u0628\u0639\u062f \u0627\u0644\u0627\u0646\u062a\u0647\u0627\u0621 \u0645\u0646 \u0639\u0645\u0644\u064a\u0629 \u0627\u0644\u062f\u0641\u0639\u060c \u0633\u064a\u062a\u0645 \u0625\u0631\u0633\u0627\u0644 \u0627\u0644\u0637\u0644\u0628\u0627\u062a \u0625\u0644\u0649 \u0644\u0648\u062d\u0629 \u0627\u0644\u0639\u0645\u0644\u0627\u0621 \u0648\u0645\u0631\u0627\u062c\u0639\u062a\u0647\u0627 \u0645\u0646 \u0642\u0628\u0644 \u0627\u0644\u0645\u0633\u0624\u0648\u0644\u064a\u0646. \u0628\u0645\u062c\u0631\u062f \u0627\u0644\u062a\u0623\u0643\u062f \u0645\u0646 \u0639\u062f\u0645 \u0648\u062c\u0648\u062f \u0645\u0634\u0627\u0643\u0644 \u0641\u064a \u0627\u0644\u0637\u0644\u0628\u060c \u0633\u064a\u062a\u0645 \u062a\u0623\u0643\u064a\u062f \u0627\u0644\u0637\u0644\u0628.<\/p>\n\n\n\n<p>2.9. \u064a\u0645\u0643\u0646 \u0644\u0644\u0639\u0645\u0644\u0627\u0621 \u062a\u062a\u0628\u0639 \u0648\u062a\u0646\u0632\u064a\u0644 \u0627\u0644\u0637\u0644\u0628\u0627\u062a \u0627\u0644\u0645\u0624\u0643\u062f\u0629 \u0645\u0646 \u0635\u0641\u062d\u0629 &quot;\u0645\u0646\u062a\u062c\u0627\u062a\u064a&quot; \u0623\u0648 &quot;\u0637\u0644\u0628\u0627\u062a\u064a&quot;.<\/p>\n\n\n\n<p>2.10. \u0625\u0630\u0627 \u0648\u0627\u062c\u0647 \u0627\u0644\u0639\u0645\u0644\u0627\u0621 \u0623\u064a \u0645\u0634\u0627\u0643\u0644&nbsp;<a href=\"mailto:info@alemodijital.com\">info@alemodijital.com<\/a>&nbsp;\u064a\u0645\u0643\u0646\u0647\u0645 \u0627\u0644\u0627\u062a\u0635\u0627\u0644 \u0628\u0646\u0627 \u0639\u0628\u0631 \u0639\u0646\u0648\u0627\u0646 \u0627\u0644\u0628\u0631\u064a\u062f \u0627\u0644\u0625\u0644\u0643\u062a\u0631\u0648\u0646\u064a \u0623\u0648 \u0645\u0644\u0621 \u0646\u0645\u0648\u0630\u062c \u0627\u0644\u0627\u062a\u0635\u0627\u0644 \u0639\u0644\u0649 \u0645\u0648\u0642\u0639\u0646\u0627 \u0623\u0648 \u0625\u0646\u0634\u0627\u0621 \u0637\u0644\u0628 \u062f\u0639\u0645.<\/p>\n\n\n\n<p><strong>\u0627\u0644\u0645\u0627\u062f\u0629 3: \u0627\u0644\u0625\u0631\u062c\u0627\u0639 \u0648\u0627\u0644\u0627\u0633\u062a\u0628\u062f\u0627\u0644<\/strong><\/p>\n\n\n\n<p>3.1. \u0644\u0627 \u064a\u062a\u0645 \u062a\u0648\u0641\u064a\u0631 \u062e\u062f\u0645\u0627\u062a \u0627\u0644\u0625\u0631\u062c\u0627\u0639 \u0648\u0627\u0644\u0627\u0633\u062a\u0628\u062f\u0627\u0644 \u0644\u0644\u0645\u0646\u062a\u062c\u0627\u062a \u0648\u0627\u0644\u062e\u062f\u0645\u0627\u062a \u0627\u0644\u0645\u0634\u062a\u0631\u0627\u0629 \u0645\u0646 \u0645\u0648\u0642\u0639\u0646\u0627.<\/p>\n\n\n\n<p>3.2. \u064a\u062c\u0628 \u0639\u0644\u0649 \u0627\u0644\u0639\u0645\u0644\u0627\u0621 \u0641\u0647\u0645 \u0633\u064a\u0627\u0633\u0629 \u0627\u0644\u0625\u0631\u062c\u0627\u0639 \u0648\u0627\u0644\u0627\u0633\u062a\u0628\u062f\u0627\u0644 \u0644\u062f\u064a\u0646\u0627 \u0645\u0646 \u062e\u0644\u0627\u0644 \u0642\u0631\u0627\u0621\u0629 \u0647\u0630\u0627 \u0628\u0639\u0646\u0627\u064a\u0629 \u0642\u0628\u0644 \u0627\u0644\u0634\u0631\u0627\u0621.<\/p>\n\n\n\n<p>3.3. \u062a\u062d\u062a\u0641\u0638 Alemo \u0628\u062d\u0642\u0648\u0642\u0647\u0627 \u0627\u0644\u0623\u062e\u0631\u0649 \u0641\u064a\u0645\u0627 \u064a\u062a\u0639\u0644\u0642 \u0628\u0627\u0644\u0625\u0631\u062c\u0627\u0639 \u0648\u0627\u0644\u0627\u0633\u062a\u0628\u062f\u0627\u0644.<\/p>\n\n\n\n<p><strong>\u0627\u0644\u0645\u0627\u062f\u0629 4: \u0627\u0644\u0642\u0648\u0627\u0646\u064a\u0646 \u0627\u0644\u0645\u062d\u0644\u064a\u0629<\/strong><\/p>\n\n\n\n<p>4.1. \u062a\u0645 \u0625\u0639\u062f\u0627\u062f \u0646\u0635 \u0627\u0644\u0639\u0642\u062f \u0647\u0630\u0627 \u0648\u0641\u0642\u064b\u0627 \u0644\u0642\u0648\u0627\u0646\u064a\u0646 \u0627\u0644\u062c\u0645\u0647\u0648\u0631\u064a\u0629 \u0627\u0644\u062a\u0631\u0643\u064a\u0629. \u0648\u0645\u0639 \u0630\u0644\u0643\u060c \u0646\u0638\u0631\u064b\u0627 \u0644\u0623\u0646 \u0627\u0644\u0642\u0648\u0627\u0639\u062f \u0627\u0644\u0642\u0627\u0646\u0648\u0646\u064a\u0629 \u0627\u0644\u0645\u062d\u0644\u064a\u0629 \u0642\u062f \u062a\u062a\u063a\u064a\u0631 \u0628\u0627\u0633\u062a\u0645\u0631\u0627\u0631\u060c \u0641\u0625\u0646\u0646\u0627 \u0646\u0634\u062c\u0639 \u0627\u0644\u0639\u0645\u0644\u0627\u0621 \u0639\u0644\u0649 \u0645\u0631\u0627\u062c\u0639\u0629 \u0647\u0630\u0647 \u0627\u0644\u0627\u062a\u0641\u0627\u0642\u064a\u0629 \u0645\u0639 \u0627\u0644\u0645\u0633\u062a\u0634\u0627\u0631 \u0627\u0644\u0642\u0627\u0646\u0648\u0646\u064a.<\/p>\n\n\n\n<p>4.2. \u064a\u062d\u062a\u0648\u064a \u0647\u0630\u0627 \u0627\u0644\u0646\u0635 \u0627\u0644\u062a\u0639\u0627\u0642\u062f\u064a \u0639\u0644\u0649 \u0633\u064a\u0627\u0633\u0627\u062a \u0639\u0627\u0645\u0629 \u062a\u062a\u0639\u0644\u0642 \u0628\u0627\u0644\u062e\u062f\u0645\u0627\u062a \u0627\u0644\u0645\u062a\u0648\u0641\u0631\u0629 \u0639\u0644\u0649 \u0645\u0648\u0642\u0639\u0646\u0627 \u0648\u0642\u062f \u064a\u062a\u0645 \u062a\u062d\u062f\u064a\u062b\u0647\u0627 \u0645\u0646 \u0648\u0642\u062a \u0644\u0622\u062e\u0631.<\/p>\n\n\n\n<p>4.3. \u064a\u0639\u062a\u0628\u0631 \u0627\u0644\u0639\u0645\u0644\u0627\u0621 \u0627\u0644\u0630\u064a\u0646 \u064a\u0633\u062a\u0641\u064a\u062f\u0648\u0646 \u0645\u0646 \u062e\u062f\u0645\u0627\u062a\u0646\u0627 \u0639\u0646 \u0637\u0631\u064a\u0642 \u0627\u0633\u062a\u062e\u062f\u0627\u0645 \u0645\u0648\u0642\u0639\u0646\u0627 \u0627\u0644\u0625\u0644\u0643\u062a\u0631\u0648\u0646\u064a \u0642\u062f \u0642\u0628\u0644\u0648\u0627 \u0646\u0635 \u0627\u0644\u0639\u0642\u062f \u0647\u0630\u0627.<\/p>\n\n\n\n<p>\u062a\u0645 \u0625\u0639\u062f\u0627\u062f \u0647\u0630\u0627 \u0627\u0644\u0646\u0635 \u0648\u0641\u0642\u064b\u0627 \u0644\u0642\u0648\u0627\u0646\u064a\u0646 \u0627\u0644\u062c\u0645\u0647\u0648\u0631\u064a\u0629 \u0627\u0644\u062a\u0631\u0643\u064a\u0629 \u0648\u064a\u062d\u062a\u0648\u064a \u0639\u0644\u0649 \u0633\u064a\u0627\u0633\u0627\u062a \u0627\u0644\u062e\u062f\u0645\u0627\u062a \u0627\u0644\u0645\u0642\u062f\u0645\u0629 \u0639\u0644\u0649 \u0645\u0648\u0642\u0639\u0646\u0627. \u0627\u0644\u0633\u064a\u0627\u0633\u0627\u062a \u0648\u0627\u0644\u0634\u0631\u0648\u0637 \u0627\u0644\u0623\u062e\u0631\u0649 \u0627\u0644\u0645\u062a\u0639\u0644\u0642\u0629 \u0628\u0627\u0644\u062e\u062f\u0645\u0627\u062a \u0627\u0644\u062a\u064a \u0646\u0642\u062f\u0645\u0647\u0627 \u0644\u0644\u0639\u0645\u0644\u0627\u0621 \u0645\u0630\u0643\u0648\u0631\u0629 \u0623\u064a\u0636\u064b\u0627 \u0639\u0644\u0649 \u0645\u0648\u0642\u0639\u0646\u0627. \u0648\u0646\u062d\u0646 \u0646\u0646\u0635\u062d\u0643 \u0628\u0627\u0644\u062a\u0623\u0643\u064a\u062f \u0628\u0642\u0631\u0627\u0621\u062a\u0647.<\/p>\n\n\n\n<p><a href=\"https:\/\/shentaweb.com\/\" rel=\"nofollow noopener\" target=\"_blank\"><\/a><\/p>","protected":false},"excerpt":{"rendered":"<p>Madde 1: Hizmetlerimiz 1.1. Web sitemiz, a\u015fa\u011f\u0131daki hizmetleri sunmaktad\u0131r: Madde 2: Teslimat 2.1. Web sitemiz \u00fczerinden \u00fcr\u00fcn sat\u0131n almak i\u00e7in Mail, WhatsApp veya m\u00fc\u015fterilerin hesap olu\u015fturmas\u0131 gerekmektedir. 2.2. \u00dcr\u00fcnlerin fiyatlar\u0131na KDV dahil de\u011fildir. Fiyatlar, sepette ve \u00f6deme sayfas\u0131nda KDV tutar\u0131&#8230;<\/p>","protected":false},"author":1,"featured_media":0,"parent":0,"menu_order":0,"comment_status":"closed","ping_status":"closed","template":"","meta":{"footnotes":""},"class_list":["post-5618","page","type-page","status-publish","hentry"],"_links":{"self":[{"href":"https:\/\/alemodijital.com\/ar\/wp-json\/wp\/v2\/pages\/5618","targetHints":{"allow":["GET"]}}],"collection":[{"href":"https:\/\/alemodijital.com\/ar\/wp-json\/wp\/v2\/pages"}],"about":[{"href":"https:\/\/alemodijital.com\/ar\/wp-json\/wp\/v2\/types\/page"}],"author":[{"embeddable":true,"href":"https:\/\/alemodijital.com\/ar\/wp-json\/wp\/v2\/users\/1"}],"replies":[{"embeddable":true,"href":"https:\/\/alemodijital.com\/ar\/wp-json\/wp\/v2\/comments?post=5618"}],"version-history":[{"count":2,"href":"https:\/\/alemodijital.com\/ar\/wp-json\/wp\/v2\/pages\/5618\/revisions"}],"predecessor-version":[{"id":5623,"href":"https:\/\/alemodijital.com\/ar\/wp-json\/wp\/v2\/pages\/5618\/revisions\/5623"}],"wp:attachment":[{"href":"https:\/\/alemodijital.com\/ar\/wp-json\/wp\/v2\/media?parent=5618"}],"curies":[{"name":"wp","href":"https:\/\/api.w.org\/{rel}","templated":true}]}}