{"id":5461,"date":"2023-05-01T17:47:19","date_gmt":"2023-05-01T14:47:19","guid":{"rendered":"https:\/\/alemodijital.com\/?page_id=5461"},"modified":"2023-05-01T17:47:23","modified_gmt":"2023-05-01T14:47:23","slug":"gizlilik-bildirimi","status":"publish","type":"page","link":"https:\/\/alemodijital.com\/ar\/gizlilik-bildirimi\/","title":{"rendered":"\u0628\u064a\u0627\u0646 \u0627\u0644\u062e\u0635\u0648\u0635\u064a\u0629"},"content":{"rendered":"<p>\u062a\u0642\u0628\u0644 Alemo Digital \u0623\u0648 \u0627\u0644\u0634\u0631\u0643\u0627\u062a \u0627\u0644\u062a\u0627\u0628\u0639\u0629 \u0644\u0647\u0627 \u0648\u062a\u0635\u0631\u062d \u0648\u062a\u062a\u0639\u0647\u062f \u0628\u0623\u0646\u0647\u0627 \u0644\u0646 \u062a\u0628\u064a\u0639 \u0623\u0648 \u062a\u0624\u062c\u0631 \u0623\u0648 \u062a\u0633\u062a\u062e\u062f\u0645 \u0627\u0633\u0645\u0643 \u0648\u0639\u0646\u0648\u0627\u0646 \u0628\u0631\u064a\u062f\u0643 \u0627\u0644\u0625\u0644\u0643\u062a\u0631\u0648\u0646\u064a \u0648\u0639\u0646\u0648\u0627\u0646 \u0645\u0646\u0632\u0644\u0643 \u0648\u0639\u0645\u0644\u0643 \u0648\u0631\u0642\u0645 \u0647\u0627\u062a\u0641\u0643 \u0648\u0627\u0644\u0628\u064a\u0627\u0646\u0627\u062a \u0627\u0644\u0634\u062e\u0635\u064a\u0629 \u0627\u0644\u0623\u062e\u0631\u0649 (\u0627\u0644\u0645\u0634\u0627\u0631 \u0625\u0644\u064a\u0647\u0627 \u0641\u064a\u0645\u0627 \u064a\u0644\u064a \u0628\u0627\u0633\u0645 &quot;\u0627\u0644\u0645\u0639\u0644\u0648\u0645\u0627\u062a \u0627\u0644\u0634\u062e\u0635\u064a\u0629&quot;) \u0627\u0644\u062a\u064a \u064a\u0642\u062f\u0645\u0647\u0627 \u0627\u0644\u0632\u0648\u0627\u0631 \u0645\u0646 \u062e\u0644\u0627\u0644 \u0627\u0644\u0646\u0645\u0627\u0630\u062c \u0627\u0644\u0645\u0648\u062c\u0648\u062f\u0629 \u0639\u0644\u0649 \u0647\u0630\u0627 \u0627\u0644\u0645\u0648\u0642\u0639 \u0625\u0644\u0649 \u0623\u0637\u0631\u0627\u0641 \u062b\u0627\u0644\u062b\u0629.<\/p>\n\n\n\n<p>\u0633\u062a\u0633\u062a\u062e\u062f\u0645 Alemo Digital \u0623\u0648 \u0627\u0644\u0634\u0631\u0643\u0627\u062a \u0627\u0644\u062a\u0627\u0628\u0639\u0629 \u0644\u0647\u0627 \u0627\u0644\u0645\u0639\u0644\u0648\u0645\u0627\u062a \u0627\u0644\u0634\u062e\u0635\u064a\u0629 \u0627\u0644\u062a\u064a \u062a\u0642\u062a\u0635\u0631 \u0639\u0644\u0649 \u0627\u0644\u0623\u063a\u0631\u0627\u0636 \u0627\u0644\u062a\u0627\u0644\u064a\u0629: \u0644\u0625\u0631\u0633\u0627\u0644 \u0645\u0646\u0634\u0648\u0631\u0627\u062a \/ \u0645\u0631\u0627\u0633\u0644\u0627\u062a \u0645\u0637\u0628\u0648\u0639\u0629 \u060c \u0648\u0625\u0631\u0633\u0627\u0644 \u0628\u064a\u0627\u0646\u0627\u062a \u0635\u062d\u0641\u064a\u0629 \u0623\u0648 \u0625\u062e\u0637\u0627\u0631\u0627\u062a \u0639\u0628\u0631 \u0627\u0644\u0628\u0631\u064a\u062f \u0627\u0644\u0625\u0644\u0643\u062a\u0631\u0648\u0646\u064a \u060c \u0648\u0644\u062a\u0642\u064a\u064a\u0645 \u062a\u0637\u0628\u064a\u0642\u0627\u062a\u0643 \u0641\u064a \u0639\u0645\u0644\u064a\u0627\u062a \u0627\u0644\u062a\u0648\u0638\u064a\u0641 \u060c \u0648\u0644\u062a\u0648\u0635\u064a\u0644 \u0627\u0644\u0628\u0636\u0627\u0626\u0639 \u0627\u0644\u062a\u064a \u0627\u0634\u062a\u0631\u064a\u062a\u0647\u0627 \u0648 \/ \u0623\u0648 \u0627\u0644\u062c\u0648\u0627\u0626\u0632.<\/p>\n\n\n\n<p>\u064a\u0645\u0643\u0646 \u0641\u0642\u0637 \u0644\u0644\u0645\u0648\u0638\u0641\u064a\u0646 \u0627\u0644\u0645\u0635\u0631\u062d \u0644\u0647\u0645 \u0645\u0646 Alemo Digital \u0623\u0648 \u0627\u0644\u0634\u0631\u0643\u0627\u062a \u0627\u0644\u062a\u0627\u0628\u0639\u0629 \u0644\u0647\u0627 \u0648\u0645\u0645\u062b\u0644\u064a \u0627\u0644\u0637\u0631\u0641 \u0627\u0644\u062b\u0627\u0644\u062b \u0627\u0644\u0630\u064a\u0646 \u0648\u0627\u0641\u0642\u0648\u0627 \u0639\u0644\u0649 \u0627\u0644\u062d\u0641\u0627\u0638 \u0639\u0644\u0649 \u0633\u0631\u064a\u0629 \u0627\u0644\u0645\u0639\u0644\u0648\u0645\u0627\u062a \u0627\u0644\u0634\u062e\u0635\u064a\u0629 \u0627\u0644\u0648\u0635\u0648\u0644 \u0625\u0644\u0649 \u0627\u0644\u0645\u0639\u0644\u0648\u0645\u0627\u062a \u0627\u0644\u0634\u062e\u0635\u064a\u0629. \u0633\u062a\u062a\u0645\u0643\u0646 Alemo Digital \u0623\u0648 \u0627\u0644\u0634\u0631\u0643\u0627\u062a \u0627\u0644\u062a\u0627\u0628\u0639\u0629 \u0644\u0647\u0627 \u0645\u0646 \u0627\u0633\u062a\u062e\u062f\u0627\u0645 \u0627\u0644\u0628\u064a\u0627\u0646\u0627\u062a \u0627\u0644\u0625\u062d\u0635\u0627\u0626\u064a\u0629 (\u0646\u0648\u0639 \u0627\u0644\u0645\u062a\u0635\u0641\u062d \u060c \u0648\u0627\u0644\u0645\u0648\u0642\u0639 \u0627\u0644\u062c\u063a\u0631\u0627\u0641\u064a \u060c \u0648\u0627\u0644\u0639\u0645\u0631 \u060c \u0648\u0627\u0644\u062c\u0646\u0633 \u060c \u0648\u0645\u0627 \u0625\u0644\u0649 \u0630\u0644\u0643) \u0627\u0644\u062a\u064a \u062a\u0645 \u0627\u0644\u062d\u0635\u0648\u0644 \u0639\u0644\u064a\u0647\u0627 \u0645\u0646 \u0627\u0644\u0645\u0639\u0644\u0648\u0645\u0627\u062a \u0627\u0644\u0634\u062e\u0635\u064a\u0629 \u060c \u062f\u0648\u0646 \u0627\u0644\u0643\u0634\u0641 \u0639\u0646 \u0627\u0644\u0645\u0639\u0644\u0648\u0645\u0627\u062a \u0627\u0644\u0634\u062e\u0635\u064a\u0629 \u060c \u0645\u0646 \u0623\u062c\u0644 \u062a\u062d\u0633\u064a\u0646 \u0645\u0648\u0642\u0639 \u0627\u0644\u0648\u064a\u0628 \u0648\u0627\u0644\u062d\u0635\u0648\u0644 \u0639\u0644\u0649 \u0645\u0632\u064a\u062f \u0645\u0646 \u0627\u0644\u0645\u0639\u0644\u0648\u0645\u0627\u062a \u062d\u0648\u0644 \u0627\u0644\u0645\u0633\u062a\u0647\u0644\u0643\u064a\u0646 \u0628\u0634\u0643\u0644 \u0639\u0627\u0645. \u062a\u0639\u0648\u062f \u062c\u0645\u064a\u0639 \u0627\u0644\u062d\u0642\u0648\u0642 \u0627\u0644\u0645\u062a\u0639\u0644\u0642\u0629 \u0628\u0647\u0630\u0647 \u0627\u0644\u0628\u064a\u0627\u0646\u0627\u062a \u0627\u0644\u0625\u062d\u0635\u0627\u0626\u064a\u0629 \u0627\u0644\u062a\u064a \u062a\u0645 \u0627\u0644\u062d\u0635\u0648\u0644 \u0639\u0644\u064a\u0647\u0627 \u0625\u0644\u0649 Alemo Digital \u0623\u0648 \u0627\u0644\u0634\u0631\u0643\u0627\u062a \u0627\u0644\u062a\u0627\u0628\u0639\u0629 \u0644\u0647\u0627.<\/p>\n\n\n\n<p>\u0644\u0627 \u062a\u0636\u0645\u0646 Alemo Digital \u0623\u0648 \u0627\u0644\u0634\u0631\u0643\u0627\u062a \u0627\u0644\u062a\u0627\u0628\u0639\u0629 \u0644\u0647\u0627 \u0633\u064a\u0627\u0633\u0627\u062a \u0627\u0644\u062e\u0635\u0648\u0635\u064a\u0629 \u0644\u0645\u0648\u0627\u0642\u0639 \u0627\u0644\u0623\u0637\u0631\u0627\u0641 \u0627\u0644\u062b\u0627\u0644\u062b\u0629 \u0627\u0644\u062a\u064a \u0633\u062a\u0635\u0644 \u0625\u0644\u064a\u0647\u0627 \u0645\u0646 \u062e\u0644\u0627\u0644 \u0627\u0644\u0631\u0648\u0627\u0628\u0637 \u0627\u0644\u0645\u0648\u062c\u0648\u062f\u0629 \u0639\u0644\u0649 \u0645\u0648\u0642\u0639 \u0627\u0644\u0648\u064a\u0628 \u060c \u0644\u0630\u0644\u0643 \u060c \u0642\u0628\u0644 \u062a\u0642\u062f\u064a\u0645 \u0623\u064a \u0645\u0639\u0644\u0648\u0645\u0627\u062a \u062a\u0639\u0631\u064a\u0641 \u0634\u062e\u0635\u064a\u0629 \u060c \u0646\u0648\u0635\u064a\u0643 \u0628\u062a\u0642\u064a\u064a\u0645 \u0623\u0633\u0627\u0644\u064a\u0628 \u0627\u0644\u062e\u0635\u0648\u0635\u064a\u0629 \u0644\u0645\u0648\u0627\u0642\u0639 \u0627\u0644\u0648\u064a\u0628 \u0627\u0644\u062a\u064a \u062a\u0632\u0648\u0631\u0647\u0627.<\/p>","protected":false},"excerpt":{"rendered":"<p>Alemo Dijital veya ba\u011fl\u0131 \u015firketleri, ziyaret\u00e7iler taraf\u0131ndan bu sitedeki formlar arac\u0131l\u0131\u011f\u0131yla sunulan isminiz, elektronik posta adresiniz, i\u015f ve ev adresiniz, telefon numaran\u0131z ve sair ki\u015fisel verilerinizi (Bundan sonra \u2018Ki\u015fisel Bilgiler\u2019 olarak an\u0131lacakt\u0131r) \u00fc\u00e7\u00fcnc\u00fc ki\u015filere satmayaca\u011f\u0131n\u0131, kiralamayaca\u011f\u0131n\u0131 veya hi\u00e7bir \u015fekilde kulland\u0131rmayaca\u011f\u0131n\u0131&#8230;<\/p>","protected":false},"author":1,"featured_media":0,"parent":0,"menu_order":0,"comment_status":"closed","ping_status":"closed","template":"","meta":{"footnotes":""},"class_list":["post-5461","page","type-page","status-publish","hentry"],"_links":{"self":[{"href":"https:\/\/alemodijital.com\/ar\/wp-json\/wp\/v2\/pages\/5461","targetHints":{"allow":["GET"]}}],"collection":[{"href":"https:\/\/alemodijital.com\/ar\/wp-json\/wp\/v2\/pages"}],"about":[{"href":"https:\/\/alemodijital.com\/ar\/wp-json\/wp\/v2\/types\/page"}],"author":[{"embeddable":true,"href":"https:\/\/alemodijital.com\/ar\/wp-json\/wp\/v2\/users\/1"}],"replies":[{"embeddable":true,"href":"https:\/\/alemodijital.com\/ar\/wp-json\/wp\/v2\/comments?post=5461"}],"version-history":[{"count":1,"href":"https:\/\/alemodijital.com\/ar\/wp-json\/wp\/v2\/pages\/5461\/revisions"}],"predecessor-version":[{"id":5462,"href":"https:\/\/alemodijital.com\/ar\/wp-json\/wp\/v2\/pages\/5461\/revisions\/5462"}],"wp:attachment":[{"href":"https:\/\/alemodijital.com\/ar\/wp-json\/wp\/v2\/media?parent=5461"}],"curies":[{"name":"wp","href":"https:\/\/api.w.org\/{rel}","templated":true}]}}